{"id":780,"date":"2022-07-26T16:25:57","date_gmt":"2022-07-26T16:25:57","guid":{"rendered":"https:\/\/starbelly-demo.bslthemes.com\/?page_id=780"},"modified":"2024-11-24T18:59:33","modified_gmt":"2024-11-24T17:59:33","slug":"contact","status":"publish","type":"page","link":"https:\/\/nadiapokeroll.com\/index.php\/contact\/","title":{"rendered":"Contatti"},"content":{"rendered":"\t\t<div data-elementor-type=\"wp-page\" data-elementor-id=\"780\" class=\"elementor elementor-780\" data-elementor-post-type=\"page\">\n\t\t\t\t\t\t<section class=\"elementor-section elementor-top-section elementor-element elementor-element-a9d24b9 elementor-section-full_width elementor-section-height-default elementor-section-height-default\" data-id=\"a9d24b9\" data-element_type=\"section\" data-settings=\"{&quot;background_background&quot;:&quot;classic&quot;}\">\n\t\t\t\t\t\t\t<div class=\"elementor-background-overlay\"><\/div>\n\t\t\t\t\t\t\t<div class=\"elementor-container elementor-column-gap-no\">\n\t\t\t\t\t<div class=\"elementor-column elementor-col-100 elementor-top-column elementor-element elementor-element-182c52e\" data-id=\"182c52e\" data-element_type=\"column\">\n\t\t\t<div class=\"elementor-widget-wrap elementor-element-populated\">\n\t\t\t\t\t\t<div class=\"elementor-element elementor-element-ecc038e elementor-widget elementor-widget-starbelly-intro-reservation\" data-id=\"ecc038e\" data-element_type=\"widget\" data-widget_type=\"starbelly-intro-reservation.default\">\n\t\t\t\t<div class=\"elementor-widget-container\">\n\t\t\t\t\t\n    <!-- banner -->\n    <section class=\"sb-banner sb-banner-color\">\n      <div class=\"container\">\n        <div class=\"row align-items-center\">\n          <div class=\"col-lg-7\">\n            <!-- main title -->\n            <div class=\"sb-main-title-frame\">\n              <div class=\"sb-main-title\">\n                                <span class=\"sb-suptitle sb-mb-30\">\n                  <span >\n                    Cosa Aspetti? Scrivici                  <\/span>\n                <\/span>\n                                                <h1 class=\"sb-title-el sb-mb-30\">\n                  <span >\n                    Take Away <br>\nTake Hawaii                  <\/span>\n                <\/h1>\n                                                              <\/div>\n            <\/div>\n            <!-- main title end -->\n          <\/div>\n          <div class=\"col-lg-5\">\n            <div class=\"sb-contact-form-frame\">\n              <div class=\"sb-illustration-9\">\n                                                <img decoding=\"async\" src=\"https:\/\/nadiapokeroll.com\/wp-content\/uploads\/2024\/05\/phones-950x678.webp\" alt=\"Cosa Aspetti? Scrivici\" class=\"sb-envelope-1\" \/>\n                                \t\t\t\t\t\t\t\t                \t\t\t\t\t\t\t\t<img decoding=\"async\" src=\"https:\/\/nadiapokeroll.com\/wp-content\/uploads\/2024\/05\/Risorsa-3.png\" alt=\"Cosa Aspetti? Scrivici\" class=\"sb-envelope-2\" \/>\n\t\t\t\t\t\t\t\t\t\t\t\t\t\t\t\t                                <div class=\"sb-cirkle-1\"><\/div>\n                <div class=\"sb-cirkle-2\"><\/div>\n                <div class=\"sb-cirkle-3\"><\/div>\n                              <\/div>\n              <div class=\"sb-form-content\">\n                <div class=\"sb-main-content\">\n                                    <h3 class=\"sb-mb-30\">\n                    <span >\n                      Scrivici!                    <\/span>\n                  <\/h3>\n                                        \t          \t      \t                \t\n<div class=\"wpcf7 no-js\" id=\"wpcf7-f788-o1\" lang=\"en-US\" dir=\"ltr\" data-wpcf7-id=\"788\">\n<div class=\"screen-reader-response\"><p role=\"status\" aria-live=\"polite\" aria-atomic=\"true\"><\/p> <ul><\/ul><\/div>\n<form action=\"\/index.php\/wp-json\/wp\/v2\/pages\/780#wpcf7-f788-o1\" method=\"post\" class=\"wpcf7-form init\" aria-label=\"Contact form\" novalidate=\"novalidate\" data-status=\"init\">\n<div style=\"display: none;\">\n<input type=\"hidden\" name=\"_wpcf7\" value=\"788\" \/>\n<input type=\"hidden\" name=\"_wpcf7_version\" value=\"6.0.6\" \/>\n<input type=\"hidden\" name=\"_wpcf7_locale\" value=\"en_US\" \/>\n<input type=\"hidden\" name=\"_wpcf7_unit_tag\" value=\"wpcf7-f788-o1\" \/>\n<input type=\"hidden\" name=\"_wpcf7_container_post\" value=\"0\" \/>\n<input type=\"hidden\" name=\"_wpcf7_posted_data_hash\" value=\"\" \/>\n<\/div>\n<div class=\"sb-group-input\">\n  <span class=\"wpcf7-form-control-wrap\" data-name=\"cf_name\"><input size=\"40\" maxlength=\"400\" class=\"wpcf7-form-control wpcf7-text wpcf7-validates-as-required\" aria-required=\"true\" aria-invalid=\"false\" placeholder=\"Nome\" value=\"\" type=\"text\" name=\"cf_name\" \/><\/span>\n<\/div>\n<div class=\"sb-group-input\">\n  <span class=\"wpcf7-form-control-wrap\" data-name=\"cf_email\"><input size=\"40\" maxlength=\"400\" class=\"wpcf7-form-control wpcf7-email wpcf7-validates-as-required wpcf7-text wpcf7-validates-as-email\" aria-required=\"true\" aria-invalid=\"false\" placeholder=\"Email\" value=\"\" type=\"email\" name=\"cf_email\" \/><\/span>\n<\/div>\n<div class=\"sb-group-input\">\n<span class=\"wpcf7-form-control-wrap\" data-name=\"tel-172\"><input size=\"40\" maxlength=\"10\" minlength=\"10\" class=\"wpcf7-form-control wpcf7-tel wpcf7-text wpcf7-validates-as-tel\" autocomplete=\"tel\" aria-invalid=\"false\" placeholder=\"Telefono\" value=\"\" type=\"tel\" name=\"tel-172\" \/><\/span>\n<\/div>\n<div class=\"sb-group-input\">\n  <span class=\"wpcf7-form-control-wrap\" data-name=\"cf_message\"><textarea cols=\"40\" rows=\"10\" maxlength=\"2000\" class=\"wpcf7-form-control wpcf7-textarea wpcf7-validates-as-required\" aria-required=\"true\" aria-invalid=\"false\" placeholder=\"Messaggio\" name=\"cf_message\"><\/textarea><\/span>\n<\/div>\n<p class=\"sb-text sb-text-xs sb-mb-30\">*Le tue informazioni personali <br>non saranno condivise con terze parti.<\/p>\n<!-- button -->\n<button class=\"sb-btn sb-cf-submit\" type=\"submit\">\n  <span class=\"sb-icon\">\n    <span class=\"sb-icon-arrow\"><\/span>\n  <\/span>\n  <span>Send<\/span>\n<\/button>\n<!-- button end -->\n<span class=\"wpcf7-form-control-wrap\" data-name=\"email-562\"><input size=\"40\" maxlength=\"400\" class=\"wpcf7-form-control wpcf7-email wpcf7-text wpcf7-validates-as-email\" aria-invalid=\"false\" value=\"\" type=\"email\" name=\"email-562\" \/><\/span><p style=\"display: none !important;\" class=\"akismet-fields-container\" data-prefix=\"_wpcf7_ak_\"><label>&#916;<textarea name=\"_wpcf7_ak_hp_textarea\" cols=\"45\" rows=\"8\" maxlength=\"100\"><\/textarea><\/label><input type=\"hidden\" id=\"ak_js_1\" name=\"_wpcf7_ak_js\" value=\"124\"\/><script>document.getElementById( \"ak_js_1\" ).setAttribute( \"value\", ( new Date() ).getTime() );<\/script><\/p><div class=\"wpcf7-response-output\" aria-hidden=\"true\"><\/div>\n<\/form>\n<\/div>\n    \t                    \t                          <\/div>\n              <\/div>\n            <\/div>\n          <\/div>\n        <\/div>\n      <\/div>\n    <\/section>\n    <!-- banner end -->\n\n\t\t\t\t\t\t<\/div>\n\t\t\t\t<\/div>\n\t\t\t\t\t<\/div>\n\t\t<\/div>\n\t\t\t\t\t<\/div>\n\t\t<\/section>\n\t\t\t\t<section class=\"elementor-section elementor-top-section elementor-element elementor-element-7bd8948 elementor-section-full_width elementor-section-height-default elementor-section-height-default\" data-id=\"7bd8948\" data-element_type=\"section\">\n\t\t\t\t\t\t<div class=\"elementor-container elementor-column-gap-no\">\n\t\t\t\t\t<div class=\"elementor-column elementor-col-100 elementor-top-column elementor-element elementor-element-6723892\" data-id=\"6723892\" data-element_type=\"column\">\n\t\t\t<div class=\"elementor-widget-wrap elementor-element-populated\">\n\t\t\t\t\t\t<div class=\"elementor-element elementor-element-501f849 elementor-widget elementor-widget-starbelly-features-2\" data-id=\"501f849\" data-element_type=\"widget\" data-widget_type=\"starbelly-features-2.default\">\n\t\t\t\t<div class=\"elementor-widget-container\">\n\t\t\t\t\t\n\t\t<!-- features -->\n\t\t<section class=\"sb-features sb-p-0-30\">\n\t\t\t<div class=\"container\">\n\t\t\t\t\t\t\t\t<div class=\"row\">\n\t\t\t\t\t\t\t\t\t\t<div class=\"col-lg-4\">\n\t\t\t\t\t\t<div class=\"sb-features-item sb-mb-60\">\n\t\t\t\t\t\t\t\t\t\t\t\t\t\t<div class=\"sb-number\">\n\t\t\t\t\t\t\t\t<span >\n\t\t\t\t\t\t\t\t\t01\t\t\t\t\t\t\t\t<\/span>\n\t\t\t\t\t\t\t<\/div>\n\t\t\t\t\t\t\t\t\t\t\t\t\t\t<div class=\"sb-feature-text\">\n\t\t\t\t\t\t\t\t\t\t\t\t\t\t\t\t<h3 class=\"sb-mb-15\">\n\t\t\t\t\t\t\t\t\t<span >\n\t\t\t\t\t\t\t\t\t\tChiamaci\t\t\t\t\t\t\t\t\t<\/span>\n\t\t\t\t\t\t\t\t<\/h3>\n\t\t\t\t\t\t\t\t\t\t\t\t\t\t\t\t\t\t\t\t\t\t\t\t<div class=\"sb-text\">\n\t\t\t\t\t\t\t\t\t<div >\n\t\t\t\t\t\t\t\t\t\t<p><a href=\"tel:+39 349 170 1600\">+39&nbsp;<\/a>3533760714<\/p>\t\t\t\t\t\t\t\t\t<\/div>\n\t\t\t\t\t\t\t\t<\/div>\n\t\t\t\t\t\t\t\t\t\t\t\t\t\t\t<\/div>\n\t\t\t\t\t\t<\/div>\n\t\t\t\t\t<\/div>\n\t\t\t\t\t\t\t\t\t\t<div class=\"col-lg-4\">\n\t\t\t\t\t\t<div class=\"sb-features-item sb-mb-60\">\n\t\t\t\t\t\t\t\t\t\t\t\t\t\t<div class=\"sb-number\">\n\t\t\t\t\t\t\t\t<span >\n\t\t\t\t\t\t\t\t\t02\t\t\t\t\t\t\t\t<\/span>\n\t\t\t\t\t\t\t<\/div>\n\t\t\t\t\t\t\t\t\t\t\t\t\t\t<div class=\"sb-feature-text\">\n\t\t\t\t\t\t\t\t\t\t\t\t\t\t\t\t<h3 class=\"sb-mb-15\">\n\t\t\t\t\t\t\t\t\t<span >\n\t\t\t\t\t\t\t\t\t\tScrivici\t\t\t\t\t\t\t\t\t<\/span>\n\t\t\t\t\t\t\t\t<\/h3>\n\t\t\t\t\t\t\t\t\t\t\t\t\t\t\t\t\t\t\t\t\t\t\t\t<div class=\"sb-text\">\n\t\t\t\t\t\t\t\t\t<div >\n\t\t\t\t\t\t\t\t\t\t<p>nadiasushi.gm@gmail.com<\/p>\t\t\t\t\t\t\t\t\t<\/div>\n\t\t\t\t\t\t\t\t<\/div>\n\t\t\t\t\t\t\t\t\t\t\t\t\t\t\t<\/div>\n\t\t\t\t\t\t<\/div>\n\t\t\t\t\t<\/div>\n\t\t\t\t\t\t\t\t\t\t<div class=\"col-lg-4\">\n\t\t\t\t\t\t<div class=\"sb-features-item sb-mb-60\">\n\t\t\t\t\t\t\t\t\t\t\t\t\t\t<div class=\"sb-number\">\n\t\t\t\t\t\t\t\t<span >\n\t\t\t\t\t\t\t\t\t03\t\t\t\t\t\t\t\t<\/span>\n\t\t\t\t\t\t\t<\/div>\n\t\t\t\t\t\t\t\t\t\t\t\t\t\t<div class=\"sb-feature-text\">\n\t\t\t\t\t\t\t\t\t\t\t\t\t\t\t\t<h3 class=\"sb-mb-15\">\n\t\t\t\t\t\t\t\t\t<span >\n\t\t\t\t\t\t\t\t\t\tOrdina\t\t\t\t\t\t\t\t\t<\/span>\n\t\t\t\t\t\t\t\t<\/h3>\n\t\t\t\t\t\t\t\t\t\t\t\t\t\t\t\t\t\t\t\t\t\t\t\t<div class=\"sb-text\">\n\t\t\t\t\t\t\t\t\t<div >\n\t\t\t\t\t\t\t\t\t\t<p>&amp; Ritira la tua Bowl<\/p>\t\t\t\t\t\t\t\t\t<\/div>\n\t\t\t\t\t\t\t\t<\/div>\n\t\t\t\t\t\t\t\t\t\t\t\t\t\t\t<\/div>\n\t\t\t\t\t\t<\/div>\n\t\t\t\t\t<\/div>\n\t\t\t\t\t\t\t\t\t<\/div>\n\t\t\t\t\t\t\t<\/div>\n\t\t<\/section>\n\t\t<!-- features end -->\n\n\t\t\t\t\t\t<\/div>\n\t\t\t\t<\/div>\n\t\t\t\t\t<\/div>\n\t\t<\/div>\n\t\t\t\t\t<\/div>\n\t\t<\/section>\n\t\t\t\t<section class=\"elementor-section elementor-top-section elementor-element elementor-element-075a9a7 elementor-section-full_width elementor-hidden-desktop elementor-hidden-tablet elementor-hidden-mobile elementor-section-height-default elementor-section-height-default\" data-id=\"075a9a7\" data-element_type=\"section\">\n\t\t\t\t\t\t<div class=\"elementor-container elementor-column-gap-no\">\n\t\t\t\t\t<div class=\"elementor-column elementor-col-100 elementor-top-column elementor-element elementor-element-5d2eff4\" data-id=\"5d2eff4\" data-element_type=\"column\">\n\t\t\t<div class=\"elementor-widget-wrap elementor-element-populated\">\n\t\t\t\t\t\t<div class=\"elementor-element elementor-element-1f6ff1a elementor-widget elementor-widget-starbelly-mapbox\" data-id=\"1f6ff1a\" data-element_type=\"widget\" data-widget_type=\"starbelly-mapbox.default\">\n\t\t\t\t<div class=\"elementor-widget-container\">\n\t\t\t\t\t\n    <!-- map -->\n    <div class=\"sb-map-frame\">\n      <div id=\"map\" class=\"sb-map\" data-key=\"pk.eyJ1IjoiZGlnaXRvbiIsImEiOiJjbHh2enBuZTkxMWJqMmtzZDhsemcwbjcwIn0.bowvS5sTrQXtnSe05s5PyA\" data-long=\"16.934202\" data-lat=\"40.460870\" data-zoom=\"15\"><\/div>\n      <div class=\"sb-lock\"><i class=\"fas fa-lock\"><\/i><\/div>\n    <\/div>\n    <!-- map end -->\n\n\t\t\t\t\t\t<\/div>\n\t\t\t\t<\/div>\n\t\t\t\t\t<\/div>\n\t\t<\/div>\n\t\t\t\t\t<\/div>\n\t\t<\/section>\n\t\t\t\t<section class=\"elementor-section elementor-top-section elementor-element elementor-element-c7261e7 elementor-section-boxed elementor-section-height-default elementor-section-height-default\" data-id=\"c7261e7\" data-element_type=\"section\">\n\t\t\t\t\t\t<div class=\"elementor-container elementor-column-gap-no\">\n\t\t\t\t\t<div class=\"elementor-column elementor-col-100 elementor-top-column elementor-element elementor-element-9f99de2\" data-id=\"9f99de2\" data-element_type=\"column\">\n\t\t\t<div class=\"elementor-widget-wrap elementor-element-populated\">\n\t\t\t\t\t\t<div class=\"elementor-element elementor-element-bccb051 elementor-widget elementor-widget-heading\" data-id=\"bccb051\" data-element_type=\"widget\" data-widget_type=\"heading.default\">\n\t\t\t\t\t<h2 class=\"elementor-heading-title elementor-size-default\">FAQ's<\/h2>\t\t\t\t<\/div>\n\t\t\t\t<div class=\"elementor-element elementor-element-0a3799a elementor-widget elementor-widget-starbelly-faq\" data-id=\"0a3799a\" data-element_type=\"widget\" data-widget_type=\"starbelly-faq.default\">\n\t\t\t\t<div class=\"elementor-widget-container\">\n\t\t\t\t\t\n        <ul class=\"sb-faq\">\n            <li>\n                <div class=\"sb-question\">\n          <h4>\n            <span >\n  \t\t\t\t\t\tChe cosa \u00e8 il pok\u00e9 e come si differenzia dal sushi?  \t\t\t\t\t<\/span>\n          <\/h4>\n          <span class=\"sb-plus-minus-toggle sb-collapsed\"><\/span>\n        <\/div>\n                        <div class=\"sb-answer sb-text\">\n          <div >\n\t\t\t\t\t\t<p>Il pok\u00e9 \u00e8 un piatto originario delle Hawaii, composto principalmente da pesce crudo tagliato a cubetti e condito con salse e spezie. Il sushi \u00e8 un piatto giapponese che include riso avvolto attorno a ingredienti come pesce crudo, verdure o uova. Entrambi i piatti sono noti per l'uso di pesce fresco ma si differenziano per preparazione e presentazione.<\/p>\t\t\t\t\t<\/div>\n        <\/div>\n              <\/li>\n            <li>\n                <div class=\"sb-question\">\n          <h4>\n            <span >\n  \t\t\t\t\t\tI vostri ingredienti sono freschi?  \t\t\t\t\t<\/span>\n          <\/h4>\n          <span class=\"sb-plus-minus-toggle sb-collapsed\"><\/span>\n        <\/div>\n                        <div class=\"sb-answer sb-text\">\n          <div >\n\t\t\t\t\t\t<p>S\u00ec, la nostra attivit\u00e0 si impegna a utilizzare solo ingredienti freschi e di alta qualit\u00e0. Collaboriamo con fornitori locali per garantire che il pesce e le verdure siano consegnati giornalmente per mantenere la freschezza e il gusto autentico dei nostri piatti.<\/p>\t\t\t\t\t<\/div>\n        <\/div>\n              <\/li>\n            <li>\n                <div class=\"sb-question\">\n          <h4>\n            <span >\n  \t\t\t\t\t\tOffrite opzioni vegetariane o vegane?  \t\t\t\t\t<\/span>\n          <\/h4>\n          <span class=\"sb-plus-minus-toggle sb-collapsed\"><\/span>\n        <\/div>\n                        <div class=\"sb-answer sb-text\">\n          <div >\n\t\t\t\t\t\t<p>Assolutamente! Abbiamo diverse opzioni vegetariane e vegane, inclusi pok\u00e9 bowls con tofu marinato, edamame, avocado, e una variet\u00e0 di verdure fresche. Il nostro menu include anche sushi vegetariano con ingredienti come avocado, cetriolo e asparagi.<\/p>\t\t\t\t\t<\/div>\n        <\/div>\n              <\/li>\n            <li>\n                <div class=\"sb-question\">\n          <h4>\n            <span >\n  \t\t\t\t\t\t\u00c8 possibile personalizzare il proprio pok\u00e9 bowl o sushi?\n  \t\t\t\t\t<\/span>\n          <\/h4>\n          <span class=\"sb-plus-minus-toggle sb-collapsed\"><\/span>\n        <\/div>\n                        <div class=\"sb-answer sb-text\">\n          <div >\n\t\t\t\t\t\t<p>S\u00ec, i nostri clienti possono personalizzare completamente i loro pok\u00e9 bowls e sushi. Offriamo una variet\u00e0 di basi, proteine, condimenti e salse per consentire a ciascuno di creare il piatto perfetto secondo i propri gusti.<\/p>\t\t\t\t\t<\/div>\n        <\/div>\n              <\/li>\n            <li>\n                <div class=\"sb-question\">\n          <h4>\n            <span >\n  \t\t\t\t\t\tAvete opzioni senza glutine?\n  \t\t\t\t\t<\/span>\n          <\/h4>\n          <span class=\"sb-plus-minus-toggle sb-collapsed\"><\/span>\n        <\/div>\n                        <div class=\"sb-answer sb-text\">\n          <div >\n\t\t\t\t\t\t<p>S\u00ec, offriamo diverse opzioni senza glutine, inclusi pok\u00e9 bowls e sushi realizzati senza salsa di soia a base di grano. Inoltre, disponiamo di salsa di soia senza glutine su richiesta.<\/p>\t\t\t\t\t<\/div>\n        <\/div>\n              <\/li>\n            <li>\n                <div class=\"sb-question\">\n          <h4>\n            <span >\n  \t\t\t\t\t\tEffettuate consegne a domicilio?  \t\t\t\t\t<\/span>\n          <\/h4>\n          <span class=\"sb-plus-minus-toggle sb-collapsed\"><\/span>\n        <\/div>\n                        <div class=\"sb-answer sb-text\">\n          <div >\n\t\t\t\t\t\t<p>S\u00ec, collaboriamo con diversi servizi di consegna per offrire la possibilit\u00e0 di gustare i nostri pok\u00e9 bowls e sushi comodamente a casa tua. \u00c8 possibile ordinare direttamente dal nostro sito web o tramite le principali piattaforme di consegna.<\/p>\t\t\t\t\t<\/div>\n        <\/div>\n              <\/li>\n            <li>\n                <div class=\"sb-question\">\n          <h4>\n            <span >\n  \t\t\t\t\t\tOrganizzate eventi o catering?\n  \t\t\t\t\t<\/span>\n          <\/h4>\n          <span class=\"sb-plus-minus-toggle sb-collapsed\"><\/span>\n        <\/div>\n                        <div class=\"sb-answer sb-text\">\n          <div >\n\t\t\t\t\t\t<p>S\u00ec, offriamo servizi di catering per eventi di varie dimensioni, dai piccoli incontri familiari a grandi eventi aziendali. Contattaci per discutere le opzioni di menu e i dettagli specifici.<\/p>\t\t\t\t\t<\/div>\n        <\/div>\n              <\/li>\n            <li>\n                <div class=\"sb-question\">\n          <h4>\n            <span >\n  \t\t\t\t\t\tQuali sono le misure di sicurezza alimentare che adottate, specialmente per il pesce crudo?  \t\t\t\t\t<\/span>\n          <\/h4>\n          <span class=\"sb-plus-minus-toggle sb-collapsed\"><\/span>\n        <\/div>\n                        <div class=\"sb-answer sb-text\">\n          <div >\n\t\t\t\t\t\t<p>La sicurezza alimentare \u00e8 una nostra priorit\u00e0 massima. Seguiamo rigorose procedure di manipolazione e conservazione del pesce crudo per garantire che sia sicuro e di alta qualit\u00e0. Il nostro personale \u00e8 adeguatamente formato nel rispetto delle normative sanitarie locali e nazionali.<\/p>\t\t\t\t\t<\/div>\n        <\/div>\n              <\/li>\n          <\/ul>\n    \n\t\t\t\t\t\t<\/div>\n\t\t\t\t<\/div>\n\t\t\t\t\t<\/div>\n\t\t<\/div>\n\t\t\t\t\t<\/div>\n\t\t<\/section>\n\t\t<div class=\"elementor-element elementor-element-c5af9c7 e-flex e-con-boxed e-con e-parent\" data-id=\"c5af9c7\" data-element_type=\"container\">\n\t\t\t\t\t<div class=\"e-con-inner\">\n\t\t\t\t<div class=\"elementor-element elementor-element-5dd22a8 elementor-widget elementor-widget-spacer\" data-id=\"5dd22a8\" data-element_type=\"widget\" data-widget_type=\"spacer.default\">\n\t\t\t\t\t\t\t<div class=\"elementor-spacer\">\n\t\t\t<div class=\"elementor-spacer-inner\"><\/div>\n\t\t<\/div>\n\t\t\t\t\t\t<\/div>\n\t\t\t\t\t<\/div>\n\t\t\t\t<\/div>\n\t\t\t\t<\/div>\n\t\t","protected":false},"excerpt":{"rendered":"<p>Cosa Aspetti? Scrivici Take Away Take Hawaii Scrivici! *Le tue informazioni personali non saranno condivise con terze parti. Send 01.. <span class=\"sb-el-more\"><a href=\"https:\/\/nadiapokeroll.com\/index.php\/contact\/\" class=\"sb-btn\"><span class=\"sb-icon\"><span class=\"sb-icon-arrow\"><\/span><\/span><span>Read more<\/span><\/a><\/span><\/p>\n","protected":false},"author":1,"featured_media":0,"parent":0,"menu_order":0,"comment_status":"closed","ping_status":"closed","template":"template-layout-builder.php","meta":{"_acf_changed":false,"_monsterinsights_skip_tracking":false,"_monsterinsights_sitenote_active":false,"_monsterinsights_sitenote_note":"","_monsterinsights_sitenote_category":0,"footnotes":""},"class_list":["post-780","page","type-page","status-publish","hentry"],"acf":[],"_links":{"self":[{"href":"https:\/\/nadiapokeroll.com\/index.php\/wp-json\/wp\/v2\/pages\/780","targetHints":{"allow":["GET"]}}],"collection":[{"href":"https:\/\/nadiapokeroll.com\/index.php\/wp-json\/wp\/v2\/pages"}],"about":[{"href":"https:\/\/nadiapokeroll.com\/index.php\/wp-json\/wp\/v2\/types\/page"}],"author":[{"embeddable":true,"href":"https:\/\/nadiapokeroll.com\/index.php\/wp-json\/wp\/v2\/users\/1"}],"replies":[{"embeddable":true,"href":"https:\/\/nadiapokeroll.com\/index.php\/wp-json\/wp\/v2\/comments?post=780"}],"version-history":[{"count":46,"href":"https:\/\/nadiapokeroll.com\/index.php\/wp-json\/wp\/v2\/pages\/780\/revisions"}],"predecessor-version":[{"id":3349,"href":"https:\/\/nadiapokeroll.com\/index.php\/wp-json\/wp\/v2\/pages\/780\/revisions\/3349"}],"wp:attachment":[{"href":"https:\/\/nadiapokeroll.com\/index.php\/wp-json\/wp\/v2\/media?parent=780"}],"curies":[{"name":"wp","href":"https:\/\/api.w.org\/{rel}","templated":true}]}}